{"id":4295,"date":"2025-05-24T19:04:43","date_gmt":"2025-05-25T00:04:43","guid":{"rendered":"https:\/\/intikisa.com\/?post_type=product&#038;p=4295"},"modified":"2025-05-24T19:10:55","modified_gmt":"2025-05-25T00:10:55","slug":"golden-berries-wholesale","status":"publish","type":"product","link":"https:\/\/intikisa.com\/es\/product\/golden-berries-wholesale\/","title":{"rendered":"GOLDEN BERRIES WHOLESALE"},"content":{"rendered":"<pre><span style=\"font-weight: 400\"><span style=\"vertical-align: inherit\"><span style=\"vertical-align: inherit\"><span style=\"vertical-align: inherit\"><span style=\"vertical-align: inherit\">El aguaymanto de Intikisa es uno de los superalimentos originarios del Per\u00fa, siendo un poderoso antioxidante con alto contenido en vitaminas A, B y C. Adem\u00e1s, contiene minerales esenciales como calcio, hierro y f\u00f3sforo.<\/span><\/span><\/span><\/span>\r\n\r\n<\/span><\/pre>\n<p><strong><span style=\"vertical-align: inherit\"><span style=\"vertical-align: inherit\"><span style=\"vertical-align: inherit\"><span style=\"vertical-align: inherit\">Beneficios:<\/span><\/span><\/span><\/span><\/strong><\/p>\n<ul>\n<li><span style=\"vertical-align: inherit\"><span style=\"vertical-align: inherit\"><span style=\"vertical-align: inherit\"><span style=\"vertical-align: inherit\">Fibra de color.<\/span><\/span><\/span><\/span><\/li>\n<li><span style=\"vertical-align: inherit\"><span style=\"vertical-align: inherit\"><span style=\"vertical-align: inherit\"><span style=\"vertical-align: inherit\">Ayuda a mantener una buena digesti\u00f3n.<\/span><\/span><\/span><\/span><\/li>\n<li><span style=\"vertical-align: inherit\"><span style=\"vertical-align: inherit\"><span style=\"vertical-align: inherit\"><span style=\"vertical-align: inherit\">Fuente de vitamina A<\/span><\/span><\/span><\/span><\/li>\n<li><span style=\"vertical-align: inherit\"><span style=\"vertical-align: inherit\"><span style=\"vertical-align: inherit\"><span style=\"vertical-align: inherit\">Contiene vitamina C<\/span><\/span><\/span><\/span><\/li>\n<li><span style=\"vertical-align: inherit\"><span style=\"vertical-align: inherit\"><span style=\"vertical-align: inherit\"><span style=\"vertical-align: inherit\">Aporta antioxidantes.<\/span><\/span><\/span><\/span><\/li>\n<\/ul>\n<pre><span style=\"font-weight: 400\"><img decoding=\"async\" class=\"alignnone size-full wp-image-2343\" src=\"http:\/\/intikisa.com\/wp-content\/uploads\/2022\/05\/certificacion-Kosher-siagro-export-100x100-1.png\" alt=\"\" width=\"100\" height=\"100\" srcset=\"https:\/\/intikisa.com\/wp-content\/uploads\/2022\/05\/certificacion-Kosher-siagro-export-100x100-1.png 100w, https:\/\/intikisa.com\/wp-content\/uploads\/2022\/05\/certificacion-Kosher-siagro-export-100x100-1-12x12.png 12w\" sizes=\"(max-width: 100px) 100vw, 100px\" \/><\/span>\r\n\r\n\r\n<\/pre>","protected":false},"excerpt":{"rendered":"<p><span style=\"vertical-align: inherit\"><span style=\"vertical-align: inherit\"><span style=\"vertical-align: inherit\"><span style=\"vertical-align: inherit\">El aguaymanto es uno de los superalimentos originarios del Per\u00fa. Potente antioxidante con un alto contenido de vitaminas A, B y C, adem\u00e1s de minerales esenciales como calcio, hierro y f\u00f3sforo.<\/span><\/span><\/span><\/span><\/p>","protected":false},"featured_media":2595,"comment_status":"open","ping_status":"closed","template":"","meta":[],"product_brand":[],"product_cat":[64],"product_tag":[],"class_list":{"0":"post-4295","1":"product","2":"type-product","3":"status-publish","4":"has-post-thumbnail","6":"product_cat-wholesale","8":"first","9":"instock","10":"taxable","11":"shipping-taxable","12":"purchasable","13":"product-type-simple"},"aioseo_notices":[],"tiered_pricing_type":"fixed","tiered_pricing_fixed_rules":{"50":6.5,"100":6.2,"200":6},"tiered_pricing_product_settings":{"layout":"default","base_unit_name":{"singular":null,"plural":null},"default_variation":null},"tiered_pricing_minimum_quantity":null,"tiered_pricing_roles_data":[],"tiered_pricing_percentage_rules":[],"_links":{"self":[{"href":"https:\/\/intikisa.com\/es\/wp-json\/wp\/v2\/product\/4295","targetHints":{"allow":["GET"]}}],"collection":[{"href":"https:\/\/intikisa.com\/es\/wp-json\/wp\/v2\/product"}],"about":[{"href":"https:\/\/intikisa.com\/es\/wp-json\/wp\/v2\/types\/product"}],"replies":[{"embeddable":true,"href":"https:\/\/intikisa.com\/es\/wp-json\/wp\/v2\/comments?post=4295"}],"version-history":[{"count":3,"href":"https:\/\/intikisa.com\/es\/wp-json\/wp\/v2\/product\/4295\/revisions"}],"predecessor-version":[{"id":4308,"href":"https:\/\/intikisa.com\/es\/wp-json\/wp\/v2\/product\/4295\/revisions\/4308"}],"wp:featuredmedia":[{"embeddable":true,"href":"https:\/\/intikisa.com\/es\/wp-json\/wp\/v2\/media\/2595"}],"wp:attachment":[{"href":"https:\/\/intikisa.com\/es\/wp-json\/wp\/v2\/media?parent=4295"}],"wp:term":[{"taxonomy":"product_brand","embeddable":true,"href":"https:\/\/intikisa.com\/es\/wp-json\/wp\/v2\/product_brand?post=4295"},{"taxonomy":"product_cat","embeddable":true,"href":"https:\/\/intikisa.com\/es\/wp-json\/wp\/v2\/product_cat?post=4295"},{"taxonomy":"product_tag","embeddable":true,"href":"https:\/\/intikisa.com\/es\/wp-json\/wp\/v2\/product_tag?post=4295"}],"curies":[{"name":"wp","href":"https:\/\/api.w.org\/{rel}","templated":true}]}}