{"id":4224,"date":"2025-03-17T22:49:52","date_gmt":"2025-03-17T22:49:52","guid":{"rendered":"https:\/\/intikisa.com\/?post_type=product&#038;p=4224"},"modified":"2025-05-24T19:23:14","modified_gmt":"2025-05-25T00:23:14","slug":"dehydrated-loche-85-gr-wholesale","status":"publish","type":"product","link":"https:\/\/intikisa.com\/es\/product\/dehydrated-loche-85-gr-wholesale\/","title":{"rendered":"DEHYDRATED LOCHE 85 GR WHOLESALE"},"content":{"rendered":"<pre><span style=\"font-weight: 400\"><span style=\"vertical-align: inherit\"><span style=\"vertical-align: inherit\">Rica en vitamina C, prote\u00ednas y contiene minerales como calcio, f\u00f3sforo, prote\u00ednas, carbohidratos y hierro. <\/span><span style=\"vertical-align: inherit\">Protege la mucosa del est\u00f3mago. <\/span><span style=\"vertical-align: inherit\">Reduce el colesterol en sangre. <\/span><span style=\"vertical-align: inherit\">Es diur\u00e9tico y anticancer\u00edgeno.\r\n<\/span><\/span><\/span><\/pre>\n<pre><span style=\"font-weight: 400\"><strong>Benefits:<\/strong><\/span><\/pre>\n<ul>\n<li>\n<pre><span style=\"font-weight: 400\">It has been valued as a superfood since ancient times for its extraordinary nutritional attributes, a native and emblematic crop of the northern Peruvian coast. <\/span><\/pre>\n<\/li>\n<li>\n<pre><span style=\"font-weight: 400\">It is a stellar protagonist of its gastronomy especially.<\/span><\/pre>\n<\/li>\n<li>\n<pre><span style=\"font-weight: 400\">Rich in vitamin C, provitamin A, minerals such as calcium, phosphorus, proteins, carbohydrates and iron.<\/span><\/pre>\n<\/li>\n<li>\n<pre><span style=\"font-weight: 400\">Protects the stomach lining.<\/span><\/pre>\n<\/li>\n<li>\n<pre><span style=\"font-weight: 400\">Diuretic, anti-inflammatory and good for diabetics.<\/span><\/pre>\n<\/li>\n<li>\n<pre><span style=\"font-weight: 400\">Beta-carotene and the antioxidants it contains prevent different types of cancer.\r\n\r\n<img decoding=\"async\" class=\"alignnone size-full wp-image-2343\" src=\"http:\/\/intikisa.com\/wp-content\/uploads\/2022\/05\/certificacion-Kosher-siagro-export-100x100-1.png\" alt=\"\" width=\"100\" height=\"100\" srcset=\"https:\/\/intikisa.com\/wp-content\/uploads\/2022\/05\/certificacion-Kosher-siagro-export-100x100-1.png 100w, https:\/\/intikisa.com\/wp-content\/uploads\/2022\/05\/certificacion-Kosher-siagro-export-100x100-1-12x12.png 12w\" sizes=\"(max-width: 100px) 100vw, 100px\" \/>\r\n<\/span><\/pre>\n<\/li>\n<\/ul>\n<pre><\/pre>","protected":false},"excerpt":{"rendered":"<pre>This product contains 100% pumpkin loche and has no preservatives, it was made with the idea that our customers can add it to their daily diet with practicality. Loche squash has been valued as a superfood since ancient times for its extraordinary nutritional attributes. The loche pumpkin is a native and emblematic crop of the northern Peruvian coast and the star of its gastronomy, especially in the Lambayeque region.<\/pre>","protected":false},"featured_media":2611,"comment_status":"open","ping_status":"closed","template":"","meta":[],"product_brand":[],"product_cat":[64],"product_tag":[],"class_list":{"0":"post-4224","1":"product","2":"type-product","3":"status-publish","4":"has-post-thumbnail","6":"product_cat-wholesale","8":"first","9":"instock","10":"taxable","11":"shipping-taxable","12":"purchasable","13":"product-type-simple"},"aioseo_notices":[],"tiered_pricing_type":"fixed","tiered_pricing_fixed_rules":{"50":4.42,"100":4.21,"200":4.08},"tiered_pricing_product_settings":{"layout":"default","base_unit_name":{"singular":null,"plural":null},"default_variation":null},"tiered_pricing_minimum_quantity":null,"tiered_pricing_roles_data":[],"tiered_pricing_percentage_rules":[],"_links":{"self":[{"href":"https:\/\/intikisa.com\/es\/wp-json\/wp\/v2\/product\/4224","targetHints":{"allow":["GET"]}}],"collection":[{"href":"https:\/\/intikisa.com\/es\/wp-json\/wp\/v2\/product"}],"about":[{"href":"https:\/\/intikisa.com\/es\/wp-json\/wp\/v2\/types\/product"}],"replies":[{"embeddable":true,"href":"https:\/\/intikisa.com\/es\/wp-json\/wp\/v2\/comments?post=4224"}],"version-history":[{"count":1,"href":"https:\/\/intikisa.com\/es\/wp-json\/wp\/v2\/product\/4224\/revisions"}],"predecessor-version":[{"id":4225,"href":"https:\/\/intikisa.com\/es\/wp-json\/wp\/v2\/product\/4224\/revisions\/4225"}],"wp:featuredmedia":[{"embeddable":true,"href":"https:\/\/intikisa.com\/es\/wp-json\/wp\/v2\/media\/2611"}],"wp:attachment":[{"href":"https:\/\/intikisa.com\/es\/wp-json\/wp\/v2\/media?parent=4224"}],"wp:term":[{"taxonomy":"product_brand","embeddable":true,"href":"https:\/\/intikisa.com\/es\/wp-json\/wp\/v2\/product_brand?post=4224"},{"taxonomy":"product_cat","embeddable":true,"href":"https:\/\/intikisa.com\/es\/wp-json\/wp\/v2\/product_cat?post=4224"},{"taxonomy":"product_tag","embeddable":true,"href":"https:\/\/intikisa.com\/es\/wp-json\/wp\/v2\/product_tag?post=4224"}],"curies":[{"name":"wp","href":"https:\/\/api.w.org\/{rel}","templated":true}]}}