{"id":1426,"date":"2022-05-17T23:12:27","date_gmt":"2022-05-17T23:12:27","guid":{"rendered":"https:\/\/intikisa.com\/certificaciones\/"},"modified":"2022-05-17T23:26:19","modified_gmt":"2022-05-17T23:26:19","slug":"certifications","status":"publish","type":"page","link":"https:\/\/intikisa.com\/es\/certifications\/","title":{"rendered":"Certifications"},"content":{"rendered":"<div data-elementor-type=\"wp-page\" data-elementor-id=\"1426\" class=\"elementor elementor-1426\" wpc-filter-elementor-widget=\"1\">\n\t\t\t\t\t\t<section class=\"has_ae_slider elementor-section elementor-top-section elementor-element elementor-element-6652d0a elementor-section-boxed elementor-section-height-default elementor-section-height-default ae-bg-gallery-type-default\" data-id=\"6652d0a\" data-element_type=\"section\" data-e-type=\"section\">\n\t\t\t\t\t\t<div class=\"elementor-container elementor-column-gap-default\">\n\t\t\t\t\t<div class=\"has_ae_slider elementor-column elementor-col-100 elementor-top-column elementor-element elementor-element-d7e2e61 ae-bg-gallery-type-default\" data-id=\"d7e2e61\" data-element_type=\"column\" data-e-type=\"column\">\n\t\t\t<div class=\"elementor-widget-wrap elementor-element-populated\">\n\t\t\t\t\t\t<div class=\"elementor-element elementor-element-e4b772e elementor-widget elementor-widget-heading\" data-id=\"e4b772e\" data-element_type=\"widget\" data-e-type=\"widget\" data-widget_type=\"heading.default\">\n\t\t\t\t<div class=\"elementor-widget-container\">\n\t\t\t\t\t<h1 class=\"elementor-heading-title elementor-size-default\">Certificaciones<\/h1>\t\t\t\t<\/div>\n\t\t\t\t<\/div>\n\t\t\t\t<div class=\"elementor-element elementor-element-e513768 elementor-widget elementor-widget-heading\" data-id=\"e513768\" data-element_type=\"widget\" data-e-type=\"widget\" data-widget_type=\"heading.default\">\n\t\t\t\t<div class=\"elementor-widget-container\">\n\t\t\t\t\t<h2 class=\"elementor-heading-title elementor-size-default\">FDA<\/h2>\t\t\t\t<\/div>\n\t\t\t\t<\/div>\n\t\t\t\t<div class=\"elementor-element elementor-element-6f699a2 elementor-widget elementor-widget-text-editor\" data-id=\"6f699a2\" data-element_type=\"widget\" data-e-type=\"widget\" data-widget_type=\"text-editor.default\">\n\t\t\t\t<div class=\"elementor-widget-container\">\n\t\t\t\t\t\t\t\t\t<p>The US Food and Drug Administration (FDA) examines, evaluates, and approves a wide range of products for medical use, foods, cosmetics, and many other health-related products. In other words, FDA approval means that the FDA has decided that the benefits of the approved product outweigh its potential risks.<\/p><p>Before the FDA, companies could make claims about a product without proof that it was safe or even worked. This made consumers extremely vulnerable. Currently, new products must go through the FDA approval process before they are available to the public.<\/p><p>Antes de la FDA, las empresas pod\u00edan hacer afirmaciones sobre un producto sin pruebas de que era seguro o incluso de que funcionaba. Esto hac\u00eda a los consumidores extremadamente vulnerables. En la actualidad, los productos nuevos deben someterse al proceso de aprobaci\u00f3n de la FDA antes de que est\u00e9n disponibles al p\u00fablico.<\/p>\t\t\t\t\t\t\t\t<\/div>\n\t\t\t\t<\/div>\n\t\t\t\t<div class=\"elementor-element elementor-element-c53f752 elementor-widget elementor-widget-heading\" data-id=\"c53f752\" data-element_type=\"widget\" data-e-type=\"widget\" data-widget_type=\"heading.default\">\n\t\t\t\t<div class=\"elementor-widget-container\">\n\t\t\t\t\t<h3 class=\"elementor-heading-title elementor-size-default\">Why is the FDA approval process important?<\/h3>\t\t\t\t<\/div>\n\t\t\t\t<\/div>\n\t\t\t\t<div class=\"elementor-element elementor-element-d8752b8 elementor-widget elementor-widget-text-editor\" data-id=\"d8752b8\" data-element_type=\"widget\" data-e-type=\"widget\" data-widget_type=\"text-editor.default\">\n\t\t\t\t<div class=\"elementor-widget-container\">\n\t\t\t\t\t\t\t\t\t<p>The FDA approval is important because it validates the need for research studies in foods for children and adults. It also allows us to determine if they are conducive to health and nutrition, determines the best foods suitable for human consumption.<\/p>\t\t\t\t\t\t\t\t<\/div>\n\t\t\t\t<\/div>\n\t\t\t\t<div class=\"elementor-element elementor-element-44cde4a elementor-widget elementor-widget-heading\" data-id=\"44cde4a\" data-element_type=\"widget\" data-e-type=\"widget\" data-widget_type=\"heading.default\">\n\t\t\t\t<div class=\"elementor-widget-container\">\n\t\t\t\t\t<h3 class=\"elementor-heading-title elementor-size-default\">Certificado FDA Intikisa<\/h3>\t\t\t\t<\/div>\n\t\t\t\t<\/div>\n\t\t\t\t<div class=\"elementor-element elementor-element-11bde21 elementor-widget elementor-widget-text-editor\" data-id=\"11bde21\" data-element_type=\"widget\" data-e-type=\"widget\" data-widget_type=\"text-editor.default\">\n\t\t\t\t<div class=\"elementor-widget-container\">\n\t\t\t\t\t\t\t\t\t<p>We present the FDA certification in all our Intikisa products.<\/p>\t\t\t\t\t\t\t\t<\/div>\n\t\t\t\t<\/div>\n\t\t\t\t<section class=\"has_ae_slider elementor-section elementor-inner-section elementor-element elementor-element-51d599f elementor-section-boxed elementor-section-height-default elementor-section-height-default ae-bg-gallery-type-default\" data-id=\"51d599f\" data-element_type=\"section\" data-e-type=\"section\">\n\t\t\t\t\t\t<div class=\"elementor-container elementor-column-gap-default\">\n\t\t\t\t\t<div class=\"has_ae_slider elementor-column elementor-col-50 elementor-inner-column elementor-element elementor-element-56cbd67 ae-bg-gallery-type-default\" data-id=\"56cbd67\" data-element_type=\"column\" data-e-type=\"column\">\n\t\t\t<div class=\"elementor-widget-wrap elementor-element-populated\">\n\t\t\t\t\t\t<div class=\"elementor-element elementor-element-b2fa7c4 elementor-widget elementor-widget-image\" data-id=\"b2fa7c4\" data-element_type=\"widget\" data-e-type=\"widget\" data-widget_type=\"image.default\">\n\t\t\t\t<div class=\"elementor-widget-container\">\n\t\t\t\t\t\t\t\t\t\t\t\t\t\t\t<img fetchpriority=\"high\" decoding=\"async\" width=\"553\" height=\"712\" src=\"https:\/\/intikisa.com\/wp-content\/uploads\/2022\/05\/certificado-de-la-fba.png\" class=\"attachment-large size-large wp-image-1421\" alt=\"\" srcset=\"https:\/\/intikisa.com\/wp-content\/uploads\/2022\/05\/certificado-de-la-fba.png 553w, https:\/\/intikisa.com\/wp-content\/uploads\/2022\/05\/certificado-de-la-fba-233x300.png 233w, https:\/\/intikisa.com\/wp-content\/uploads\/2022\/05\/certificado-de-la-fba-380x489.png 380w\" sizes=\"(max-width: 553px) 100vw, 553px\" \/>\t\t\t\t\t\t\t\t\t\t\t\t\t\t\t<\/div>\n\t\t\t\t<\/div>\n\t\t\t\t\t<\/div>\n\t\t<\/div>\n\t\t\t\t<div class=\"has_ae_slider elementor-column elementor-col-50 elementor-inner-column elementor-element elementor-element-a9f5ca1 ae-bg-gallery-type-default\" data-id=\"a9f5ca1\" data-element_type=\"column\" data-e-type=\"column\">\n\t\t\t<div class=\"elementor-widget-wrap elementor-element-populated\">\n\t\t\t\t\t\t<div class=\"elementor-element elementor-element-a7c881c elementor-widget elementor-widget-image\" data-id=\"a7c881c\" data-element_type=\"widget\" data-e-type=\"widget\" data-widget_type=\"image.default\">\n\t\t\t\t<div class=\"elementor-widget-container\">\n\t\t\t\t\t\t\t\t\t\t\t\t\t\t\t<img decoding=\"async\" width=\"567\" height=\"663\" src=\"https:\/\/intikisa.com\/wp-content\/uploads\/2022\/05\/certificado-de-la-empresa-INTIKISA-PERU-LLC.png\" class=\"attachment-large size-large wp-image-1419\" alt=\"\" srcset=\"https:\/\/intikisa.com\/wp-content\/uploads\/2022\/05\/certificado-de-la-empresa-INTIKISA-PERU-LLC.png 567w, https:\/\/intikisa.com\/wp-content\/uploads\/2022\/05\/certificado-de-la-empresa-INTIKISA-PERU-LLC-257x300.png 257w, https:\/\/intikisa.com\/wp-content\/uploads\/2022\/05\/certificado-de-la-empresa-INTIKISA-PERU-LLC-380x444.png 380w\" sizes=\"(max-width: 567px) 100vw, 567px\" \/>\t\t\t\t\t\t\t\t\t\t\t\t\t\t\t<\/div>\n\t\t\t\t<\/div>\n\t\t\t\t\t<\/div>\n\t\t<\/div>\n\t\t\t\t\t<\/div>\n\t\t<\/section>\n\t\t\t\t<div class=\"elementor-element elementor-element-0cf1047 elementor-widget elementor-widget-spacer\" data-id=\"0cf1047\" data-element_type=\"widget\" data-e-type=\"widget\" data-widget_type=\"spacer.default\">\n\t\t\t\t<div class=\"elementor-widget-container\">\n\t\t\t\t\t\t\t<div class=\"elementor-spacer\">\n\t\t\t<div class=\"elementor-spacer-inner\"><\/div>\n\t\t<\/div>\n\t\t\t\t\t\t<\/div>\n\t\t\t\t<\/div>\n\t\t\t\t<div class=\"elementor-element elementor-element-cabfc9b elementor-widget elementor-widget-heading\" data-id=\"cabfc9b\" data-element_type=\"widget\" data-e-type=\"widget\" data-widget_type=\"heading.default\">\n\t\t\t\t<div class=\"elementor-widget-container\">\n\t\t\t\t\t<h2 class=\"elementor-heading-title elementor-size-default\">KOSHER<\/h2>\t\t\t\t<\/div>\n\t\t\t\t<\/div>\n\t\t\t\t<div class=\"elementor-element elementor-element-78eaa71 elementor-widget elementor-widget-text-editor\" data-id=\"78eaa71\" data-element_type=\"widget\" data-e-type=\"widget\" data-widget_type=\"text-editor.default\">\n\t\t\t\t<div class=\"elementor-widget-container\">\n\t\t\t\t\t\t\t\t\t<p>The kosher certification guarantees consumers that the preparation of the products and ingredients they contain comply with the kosher food policy, in addition, it is an indicator that the product meets strict standards of cleanliness, purity and quality.<\/p><p>The demand for products with a kosher label has grown exponentially in markets such as Europe and the United States, even surpassing other types of labels. The market for kosher products in Latin America has reached 100 million dollars annually, which represents a high growth rate<\/p>\t\t\t\t\t\t\t\t<\/div>\n\t\t\t\t<\/div>\n\t\t\t\t<div class=\"elementor-element elementor-element-f249be0 elementor-widget elementor-widget-text-editor\" data-id=\"f249be0\" data-element_type=\"widget\" data-e-type=\"widget\" data-widget_type=\"text-editor.default\">\n\t\t\t\t<div class=\"elementor-widget-container\">\n\t\t\t\t\t\t\t\t\t<p>We present the KOSHER certification in all our Intikisa products.<\/p>\t\t\t\t\t\t\t\t<\/div>\n\t\t\t\t<\/div>\n\t\t\t\t\t<\/div>\n\t\t<\/div>\n\t\t\t\t\t<\/div>\n\t\t<\/section>\n\t\t\t\t<\/div>","protected":false},"excerpt":{"rendered":"<p>Certificaciones FDA The US Food and Drug Administration (FDA) examines, evaluates, and approves a wide range of products for medical use, foods, cosmetics, and many other health-related products. In other words, FDA approval means that the FDA has decided that the benefits of the approved product outweigh its potential risks. Before the FDA, companies could [&hellip;]<\/p>\n","protected":false},"author":1,"featured_media":0,"parent":0,"menu_order":0,"comment_status":"closed","ping_status":"closed","template":"","meta":{"footnotes":""},"class_list":["post-1426","page","type-page","status-publish","hentry"],"aioseo_notices":[],"_links":{"self":[{"href":"https:\/\/intikisa.com\/es\/wp-json\/wp\/v2\/pages\/1426","targetHints":{"allow":["GET"]}}],"collection":[{"href":"https:\/\/intikisa.com\/es\/wp-json\/wp\/v2\/pages"}],"about":[{"href":"https:\/\/intikisa.com\/es\/wp-json\/wp\/v2\/types\/page"}],"author":[{"embeddable":true,"href":"https:\/\/intikisa.com\/es\/wp-json\/wp\/v2\/users\/1"}],"replies":[{"embeddable":true,"href":"https:\/\/intikisa.com\/es\/wp-json\/wp\/v2\/comments?post=1426"}],"version-history":[{"count":4,"href":"https:\/\/intikisa.com\/es\/wp-json\/wp\/v2\/pages\/1426\/revisions"}],"predecessor-version":[{"id":1430,"href":"https:\/\/intikisa.com\/es\/wp-json\/wp\/v2\/pages\/1426\/revisions\/1430"}],"wp:attachment":[{"href":"https:\/\/intikisa.com\/es\/wp-json\/wp\/v2\/media?parent=1426"}],"curies":[{"name":"wp","href":"https:\/\/api.w.org\/{rel}","templated":true}]}}